{"id":29111,"date":"2026-02-25T16:15:49","date_gmt":"2026-02-25T16:15:49","guid":{"rendered":"https:\/\/smokparadise.shop\/index.php\/product\/ice-cream-cake-weed-beuh-gourmande-a-22-thc-pour-detente-intense-et-gout-sucre\/"},"modified":"2026-04-22T23:44:00","modified_gmt":"2026-04-22T23:44:00","slug":"ice-cream-cake-weed-beuh-gourmande-a-22-thc-pour-detente-intense-et-gout-sucre","status":"publish","type":"product","link":"https:\/\/smokparadise.shop\/index.php\/ice-cream-cake-weed-beuh-gourmande-a-22-thc-pour-detente-intense-et-gout-sucre\/","title":{"rendered":"Ice Cream Cake Weed \u2013 Beuh gourmande \u00e0 22\u202f% THC pour d\u00e9tente intense et go\u00fbt sucr\u00e9"},"content":{"rendered":"","protected":false},"excerpt":{"rendered":"<p>D\u00e9couvrez Ice Cream Cake Weed, une fleur de chanvre puissante \u00e0 22\u202f% de THC au go\u00fbt sucr\u00e9 et cr\u00e9meux. Disponible sur smokparadise.shop<\/p>\n","protected":false},"featured_media":29110,"comment_status":"open","ping_status":"closed","template":"","meta":{"om_disable_all_campaigns":false,"_monsterinsights_skip_tracking":false,"_monsterinsights_sitenote_active":false,"_monsterinsights_sitenote_note":"","_monsterinsights_sitenote_category":0},"product_brand":[],"product_cat":[23],"product_tag":[],"class_list":{"0":"post-29111","1":"product","2":"type-product","3":"status-publish","4":"has-post-thumbnail","6":"product_cat-cannabis","8":"first","9":"instock","10":"shipping-taxable","11":"purchasable","12":"product-type-variable"},"aioseo_notices":[],"yoast_head":"<!-- This site is optimized with the Yoast SEO plugin v27.4 - https:\/\/yoast.com\/product\/yoast-seo-wordpress\/ -->\n<title>Ice Cream Cake Weed \u2013 Beuh gourmande \u00e0 22\u202f% THC pour d\u00e9tente intense et go\u00fbt sucr\u00e9 - smok paradise<\/title>\n<meta name=\"robots\" content=\"index, follow, max-snippet:-1, max-image-preview:large, max-video-preview:-1\" \/>\n<link rel=\"canonical\" href=\"https:\/\/smokparadise.shop\/index.php\/ice-cream-cake-weed-beuh-gourmande-a-22-thc-pour-detente-intense-et-gout-sucre\/\" \/>\n<meta property=\"og:locale\" content=\"en_US\" \/>\n<meta property=\"og:type\" content=\"article\" \/>\n<meta property=\"og:title\" content=\"Ice Cream Cake Weed \u2013 Beuh gourmande \u00e0 22\u202f% THC pour d\u00e9tente intense et go\u00fbt sucr\u00e9 - smok paradise\" \/>\n<meta property=\"og:description\" content=\"D\u00e9couvrez Ice Cream Cake Weed, une fleur de chanvre puissante \u00e0 22\u202f% de THC au go\u00fbt sucr\u00e9 et cr\u00e9meux. Disponible sur smokparadise.shop\" \/>\n<meta property=\"og:url\" content=\"https:\/\/smokparadise.shop\/index.php\/ice-cream-cake-weed-beuh-gourmande-a-22-thc-pour-detente-intense-et-gout-sucre\/\" \/>\n<meta property=\"og:site_name\" content=\"smok paradise\" \/>\n<meta property=\"article:publisher\" content=\"https:\/\/www.facebook.com\/share\/18yEhgZh6U\/?mibextid=wwXIfr\" \/>\n<meta property=\"article:modified_time\" content=\"2026-04-22T23:44:00+00:00\" \/>\n<meta property=\"og:image\" content=\"https:\/\/smokparadise.shop\/wp-content\/uploads\/2026\/02\/ice-cream-cake-weed-beuh-gourmande-a-22-thc-pour-detente-intense-et-gout.png\" \/>\n\t<meta property=\"og:image:width\" content=\"510\" \/>\n\t<meta property=\"og:image:height\" content=\"510\" \/>\n\t<meta property=\"og:image:type\" content=\"image\/png\" \/>\n<meta name=\"twitter:card\" content=\"summary_large_image\" \/>\n<script type=\"application\/ld+json\" class=\"yoast-schema-graph\">{\"@context\":\"https:\\\/\\\/schema.org\",\"@graph\":[{\"@type\":\"WebPage\",\"@id\":\"https:\\\/\\\/smokparadise.shop\\\/index.php\\\/ice-cream-cake-weed-beuh-gourmande-a-22-thc-pour-detente-intense-et-gout-sucre\\\/\",\"url\":\"https:\\\/\\\/smokparadise.shop\\\/index.php\\\/ice-cream-cake-weed-beuh-gourmande-a-22-thc-pour-detente-intense-et-gout-sucre\\\/\",\"name\":\"Ice Cream Cake Weed \u2013 Beuh gourmande \u00e0 22\u202f% THC pour d\u00e9tente intense et go\u00fbt sucr\u00e9 - smok paradise\",\"isPartOf\":{\"@id\":\"https:\\\/\\\/smokparadise.shop\\\/#website\"},\"primaryImageOfPage\":{\"@id\":\"https:\\\/\\\/smokparadise.shop\\\/index.php\\\/ice-cream-cake-weed-beuh-gourmande-a-22-thc-pour-detente-intense-et-gout-sucre\\\/#primaryimage\"},\"image\":{\"@id\":\"https:\\\/\\\/smokparadise.shop\\\/index.php\\\/ice-cream-cake-weed-beuh-gourmande-a-22-thc-pour-detente-intense-et-gout-sucre\\\/#primaryimage\"},\"thumbnailUrl\":\"https:\\\/\\\/smokparadise.shop\\\/wp-content\\\/uploads\\\/2026\\\/02\\\/ice-cream-cake-weed-beuh-gourmande-a-22-thc-pour-detente-intense-et-gout.png\",\"datePublished\":\"2026-02-25T16:15:49+00:00\",\"dateModified\":\"2026-04-22T23:44:00+00:00\",\"breadcrumb\":{\"@id\":\"https:\\\/\\\/smokparadise.shop\\\/index.php\\\/ice-cream-cake-weed-beuh-gourmande-a-22-thc-pour-detente-intense-et-gout-sucre\\\/#breadcrumb\"},\"inLanguage\":\"en-US\",\"potentialAction\":[{\"@type\":\"ReadAction\",\"target\":[\"https:\\\/\\\/smokparadise.shop\\\/index.php\\\/ice-cream-cake-weed-beuh-gourmande-a-22-thc-pour-detente-intense-et-gout-sucre\\\/\"]}]},{\"@type\":\"ImageObject\",\"inLanguage\":\"en-US\",\"@id\":\"https:\\\/\\\/smokparadise.shop\\\/index.php\\\/ice-cream-cake-weed-beuh-gourmande-a-22-thc-pour-detente-intense-et-gout-sucre\\\/#primaryimage\",\"url\":\"https:\\\/\\\/smokparadise.shop\\\/wp-content\\\/uploads\\\/2026\\\/02\\\/ice-cream-cake-weed-beuh-gourmande-a-22-thc-pour-detente-intense-et-gout.png\",\"contentUrl\":\"https:\\\/\\\/smokparadise.shop\\\/wp-content\\\/uploads\\\/2026\\\/02\\\/ice-cream-cake-weed-beuh-gourmande-a-22-thc-pour-detente-intense-et-gout.png\",\"width\":510,\"height\":510,\"caption\":\"Ice Cream Cake Weed \u2013 Beuh gourmande \u00e0 22\u202f% THC pour d\u00e9tente intense et go\u00fbt sucr\u00e9\"},{\"@type\":\"BreadcrumbList\",\"@id\":\"https:\\\/\\\/smokparadise.shop\\\/index.php\\\/ice-cream-cake-weed-beuh-gourmande-a-22-thc-pour-detente-intense-et-gout-sucre\\\/#breadcrumb\",\"itemListElement\":[{\"@type\":\"ListItem\",\"position\":1,\"name\":\"Home\",\"item\":\"https:\\\/\\\/smokparadise.shop\\\/\"},{\"@type\":\"ListItem\",\"position\":2,\"name\":\"Shop\",\"item\":\"https:\\\/\\\/smokparadise.shop\\\/index.php\\\/shop\\\/\"},{\"@type\":\"ListItem\",\"position\":3,\"name\":\"Ice Cream Cake Weed \u2013 Beuh gourmande \u00e0 22\u202f% THC pour d\u00e9tente intense et go\u00fbt sucr\u00e9\"}]},{\"@type\":\"WebSite\",\"@id\":\"https:\\\/\\\/smokparadise.shop\\\/#website\",\"url\":\"https:\\\/\\\/smokparadise.shop\\\/\",\"name\":\"smok paradise\",\"description\":\"\",\"publisher\":{\"@id\":\"https:\\\/\\\/smokparadise.shop\\\/#organization\"},\"potentialAction\":[{\"@type\":\"SearchAction\",\"target\":{\"@type\":\"EntryPoint\",\"urlTemplate\":\"https:\\\/\\\/smokparadise.shop\\\/?s={search_term_string}\"},\"query-input\":{\"@type\":\"PropertyValueSpecification\",\"valueRequired\":true,\"valueName\":\"search_term_string\"}}],\"inLanguage\":\"en-US\"},{\"@type\":\"Organization\",\"@id\":\"https:\\\/\\\/smokparadise.shop\\\/#organization\",\"name\":\"smok paradise\",\"url\":\"https:\\\/\\\/smokparadise.shop\\\/\",\"logo\":{\"@type\":\"ImageObject\",\"inLanguage\":\"en-US\",\"@id\":\"https:\\\/\\\/smokparadise.shop\\\/#\\\/schema\\\/logo\\\/image\\\/\",\"url\":\"https:\\\/\\\/smokparadise.shop\\\/wp-content\\\/uploads\\\/2026\\\/02\\\/ChatGPT-Image-28-fevr.-2026-11_59_00.png\",\"contentUrl\":\"https:\\\/\\\/smokparadise.shop\\\/wp-content\\\/uploads\\\/2026\\\/02\\\/ChatGPT-Image-28-fevr.-2026-11_59_00.png\",\"width\":1024,\"height\":1024,\"caption\":\"smok paradise\"},\"image\":{\"@id\":\"https:\\\/\\\/smokparadise.shop\\\/#\\\/schema\\\/logo\\\/image\\\/\"},\"sameAs\":[\"https:\\\/\\\/www.facebook.com\\\/share\\\/18yEhgZh6U\\\/?mibextid=wwXIfr\",\"https:\\\/\\\/www.tiktok.com\\\/@bien_etre_sante02?_r=1&_t=ZS-95cI5vE21LB\"]}]}<\/script>\n<!-- \/ Yoast SEO plugin. -->","yoast_head_json":{"title":"Ice Cream Cake Weed \u2013 Beuh gourmande \u00e0 22\u202f% THC pour d\u00e9tente intense et go\u00fbt sucr\u00e9 - smok paradise","robots":{"index":"index","follow":"follow","max-snippet":"max-snippet:-1","max-image-preview":"max-image-preview:large","max-video-preview":"max-video-preview:-1"},"canonical":"https:\/\/smokparadise.shop\/index.php\/ice-cream-cake-weed-beuh-gourmande-a-22-thc-pour-detente-intense-et-gout-sucre\/","og_locale":"en_US","og_type":"article","og_title":"Ice Cream Cake Weed \u2013 Beuh gourmande \u00e0 22\u202f% THC pour d\u00e9tente intense et go\u00fbt sucr\u00e9 - smok paradise","og_description":"D\u00e9couvrez Ice Cream Cake Weed, une fleur de chanvre puissante \u00e0 22\u202f% de THC au go\u00fbt sucr\u00e9 et cr\u00e9meux. Disponible sur smokparadise.shop","og_url":"https:\/\/smokparadise.shop\/index.php\/ice-cream-cake-weed-beuh-gourmande-a-22-thc-pour-detente-intense-et-gout-sucre\/","og_site_name":"smok paradise","article_publisher":"https:\/\/www.facebook.com\/share\/18yEhgZh6U\/?mibextid=wwXIfr","article_modified_time":"2026-04-22T23:44:00+00:00","og_image":[{"width":510,"height":510,"url":"https:\/\/smokparadise.shop\/wp-content\/uploads\/2026\/02\/ice-cream-cake-weed-beuh-gourmande-a-22-thc-pour-detente-intense-et-gout.png","type":"image\/png"}],"twitter_card":"summary_large_image","schema":{"@context":"https:\/\/schema.org","@graph":[{"@type":"WebPage","@id":"https:\/\/smokparadise.shop\/index.php\/ice-cream-cake-weed-beuh-gourmande-a-22-thc-pour-detente-intense-et-gout-sucre\/","url":"https:\/\/smokparadise.shop\/index.php\/ice-cream-cake-weed-beuh-gourmande-a-22-thc-pour-detente-intense-et-gout-sucre\/","name":"Ice Cream Cake Weed \u2013 Beuh gourmande \u00e0 22\u202f% THC pour d\u00e9tente intense et go\u00fbt sucr\u00e9 - smok paradise","isPartOf":{"@id":"https:\/\/smokparadise.shop\/#website"},"primaryImageOfPage":{"@id":"https:\/\/smokparadise.shop\/index.php\/ice-cream-cake-weed-beuh-gourmande-a-22-thc-pour-detente-intense-et-gout-sucre\/#primaryimage"},"image":{"@id":"https:\/\/smokparadise.shop\/index.php\/ice-cream-cake-weed-beuh-gourmande-a-22-thc-pour-detente-intense-et-gout-sucre\/#primaryimage"},"thumbnailUrl":"https:\/\/smokparadise.shop\/wp-content\/uploads\/2026\/02\/ice-cream-cake-weed-beuh-gourmande-a-22-thc-pour-detente-intense-et-gout.png","datePublished":"2026-02-25T16:15:49+00:00","dateModified":"2026-04-22T23:44:00+00:00","breadcrumb":{"@id":"https:\/\/smokparadise.shop\/index.php\/ice-cream-cake-weed-beuh-gourmande-a-22-thc-pour-detente-intense-et-gout-sucre\/#breadcrumb"},"inLanguage":"en-US","potentialAction":[{"@type":"ReadAction","target":["https:\/\/smokparadise.shop\/index.php\/ice-cream-cake-weed-beuh-gourmande-a-22-thc-pour-detente-intense-et-gout-sucre\/"]}]},{"@type":"ImageObject","inLanguage":"en-US","@id":"https:\/\/smokparadise.shop\/index.php\/ice-cream-cake-weed-beuh-gourmande-a-22-thc-pour-detente-intense-et-gout-sucre\/#primaryimage","url":"https:\/\/smokparadise.shop\/wp-content\/uploads\/2026\/02\/ice-cream-cake-weed-beuh-gourmande-a-22-thc-pour-detente-intense-et-gout.png","contentUrl":"https:\/\/smokparadise.shop\/wp-content\/uploads\/2026\/02\/ice-cream-cake-weed-beuh-gourmande-a-22-thc-pour-detente-intense-et-gout.png","width":510,"height":510,"caption":"Ice Cream Cake Weed \u2013 Beuh gourmande \u00e0 22\u202f% THC pour d\u00e9tente intense et go\u00fbt sucr\u00e9"},{"@type":"BreadcrumbList","@id":"https:\/\/smokparadise.shop\/index.php\/ice-cream-cake-weed-beuh-gourmande-a-22-thc-pour-detente-intense-et-gout-sucre\/#breadcrumb","itemListElement":[{"@type":"ListItem","position":1,"name":"Home","item":"https:\/\/smokparadise.shop\/"},{"@type":"ListItem","position":2,"name":"Shop","item":"https:\/\/smokparadise.shop\/index.php\/shop\/"},{"@type":"ListItem","position":3,"name":"Ice Cream Cake Weed \u2013 Beuh gourmande \u00e0 22\u202f% THC pour d\u00e9tente intense et go\u00fbt sucr\u00e9"}]},{"@type":"WebSite","@id":"https:\/\/smokparadise.shop\/#website","url":"https:\/\/smokparadise.shop\/","name":"smok paradise","description":"","publisher":{"@id":"https:\/\/smokparadise.shop\/#organization"},"potentialAction":[{"@type":"SearchAction","target":{"@type":"EntryPoint","urlTemplate":"https:\/\/smokparadise.shop\/?s={search_term_string}"},"query-input":{"@type":"PropertyValueSpecification","valueRequired":true,"valueName":"search_term_string"}}],"inLanguage":"en-US"},{"@type":"Organization","@id":"https:\/\/smokparadise.shop\/#organization","name":"smok paradise","url":"https:\/\/smokparadise.shop\/","logo":{"@type":"ImageObject","inLanguage":"en-US","@id":"https:\/\/smokparadise.shop\/#\/schema\/logo\/image\/","url":"https:\/\/smokparadise.shop\/wp-content\/uploads\/2026\/02\/ChatGPT-Image-28-fevr.-2026-11_59_00.png","contentUrl":"https:\/\/smokparadise.shop\/wp-content\/uploads\/2026\/02\/ChatGPT-Image-28-fevr.-2026-11_59_00.png","width":1024,"height":1024,"caption":"smok paradise"},"image":{"@id":"https:\/\/smokparadise.shop\/#\/schema\/logo\/image\/"},"sameAs":["https:\/\/www.facebook.com\/share\/18yEhgZh6U\/?mibextid=wwXIfr","https:\/\/www.tiktok.com\/@bien_etre_sante02?_r=1&_t=ZS-95cI5vE21LB"]}]}},"jetpack_sharing_enabled":true,"_links":{"self":[{"href":"https:\/\/smokparadise.shop\/index.php\/wp-json\/wp\/v2\/product\/29111","targetHints":{"allow":["GET"]}}],"collection":[{"href":"https:\/\/smokparadise.shop\/index.php\/wp-json\/wp\/v2\/product"}],"about":[{"href":"https:\/\/smokparadise.shop\/index.php\/wp-json\/wp\/v2\/types\/product"}],"replies":[{"embeddable":true,"href":"https:\/\/smokparadise.shop\/index.php\/wp-json\/wp\/v2\/comments?post=29111"}],"version-history":[{"count":3,"href":"https:\/\/smokparadise.shop\/index.php\/wp-json\/wp\/v2\/product\/29111\/revisions"}],"predecessor-version":[{"id":29739,"href":"https:\/\/smokparadise.shop\/index.php\/wp-json\/wp\/v2\/product\/29111\/revisions\/29739"}],"wp:featuredmedia":[{"embeddable":true,"href":"https:\/\/smokparadise.shop\/index.php\/wp-json\/wp\/v2\/media\/29110"}],"wp:attachment":[{"href":"https:\/\/smokparadise.shop\/index.php\/wp-json\/wp\/v2\/media?parent=29111"}],"wp:term":[{"taxonomy":"product_brand","embeddable":true,"href":"https:\/\/smokparadise.shop\/index.php\/wp-json\/wp\/v2\/product_brand?post=29111"},{"taxonomy":"product_cat","embeddable":true,"href":"https:\/\/smokparadise.shop\/index.php\/wp-json\/wp\/v2\/product_cat?post=29111"},{"taxonomy":"product_tag","embeddable":true,"href":"https:\/\/smokparadise.shop\/index.php\/wp-json\/wp\/v2\/product_tag?post=29111"}],"curies":[{"name":"wp","href":"https:\/\/api.w.org\/{rel}","templated":true}]}}